{"id":4143,"date":"2025-08-06T21:34:49","date_gmt":"2025-08-07T01:34:49","guid":{"rendered":"https:\/\/gadsixtoduranballen.gob.ec\/manabi\/?page_id=4143"},"modified":"2026-03-17T10:50:04","modified_gmt":"2026-03-17T14:50:04","slug":"actas-y-convenios","status":"publish","type":"page","link":"https:\/\/gadsixtoduranballen.gob.ec\/manabi\/actas-y-convenios\/","title":{"rendered":"Actas y Convenios"},"content":{"rendered":"[vc_row][vc_column][vc_accordion][vc_accordion_tab title=\u00bbACTAS\u00bb][vc_wp_text][\/vc_wp_text][\/vc_accordion_tab][vc_accordion_tab title=\u00bb2026&#8243;][vc_wp_text]\n<p><a href=\"https:\/\/gadsixtoduranballen.gob.ec\/manabi\/wp-content\/uploads\/2026\/03\/Acta-02-de-febrero-del-2026.pdf\">Acta 02 de febrero del 2026<\/a><\/p>\n<p><a href=\"https:\/\/gadsixtoduranballen.gob.ec\/manabi\/wp-content\/uploads\/2026\/02\/CamScanner-04-02-2026-09.43.pdf\">Acta 04-Febrero-2026<\/a><\/p>\n<p><a href=\"https:\/\/gadsixtoduranballen.gob.ec\/manabi\/wp-content\/uploads\/2026\/03\/Acta-10-de-Febrero-de-2026.pdf\">Acta 10 de Febrero de 2026<\/a><\/p>\n<p><a href=\"https:\/\/gadsixtoduranballen.gob.ec\/manabi\/wp-content\/uploads\/2026\/03\/acta-26-de-febrero-.pdf\">Acta 26 de febrero<\/a><\/p>\n[\/vc_wp_text][\/vc_accordion_tab][vc_accordion_tab title=\u00bb2025&#8243;][vc_wp_text]\n<p><a href=\"https:\/\/gadsixtoduranballen.gob.ec\/manabi\/wp-content\/uploads\/2025\/08\/Acta-de-sesion-13-de-Enero-del-2025.pdf\">Acta de sesi\u00f3n 13 de Enero del 2025<\/a><\/p>\n<p><a href=\"https:\/\/gadsixtoduranballen.gob.ec\/manabi\/wp-content\/uploads\/2025\/08\/Acta-de-sesion-del-dia-jueves-30-de-enero-de-2025.pdf\">Acta de sesi\u00f3n del d\u00eda jueves 30 de enero de 2025<\/a><\/p>\n<p><a href=\"https:\/\/gadsixtoduranballen.gob.ec\/manabi\/wp-content\/uploads\/2025\/08\/Acta-de-sesion-del-dia-martes-25-de-febrero-de-2025.pdf\">Acta de sesi\u00f3n del d\u00eda martes 25 de febrero de 2025<\/a><\/p>\n<p><a href=\"https:\/\/gadsixtoduranballen.gob.ec\/manabi\/wp-content\/uploads\/2025\/08\/Acta-de-sesion-del-dia-miercoles-12-de-febrero-de-2025.pdf\">Acta de sesi\u00f3n del d\u00eda mi\u00e9rcoles 12 de febrero de 2025<\/a><\/p>\n<p><a href=\"https:\/\/gadsixtoduranballen.gob.ec\/manabi\/wp-content\/uploads\/2025\/08\/Acta-de-sesion-del-viernes-14-de-marzo-de-2025.pdf\">Acta de sesi\u00f3n del viernes 14 de marzo de 2025<\/a><\/p>\n<p><a href=\"https:\/\/gadsixtoduranballen.gob.ec\/manabi\/wp-content\/uploads\/2025\/08\/Acta-de-sesion-del-viernes-28-de-marzo-del-2025.pdf\">Acta de sesi\u00f3n del viernes 28 de marzo del 2025<\/a><\/p>\n<p><a href=\"https:\/\/gadsixtoduranballen.gob.ec\/manabi\/wp-content\/uploads\/2025\/08\/Acta-de-sesion-del-martes-15-de-abril-de-2025.pdf\">Acta de sesi\u00f3n del martes 15 de abril de 2025<\/a><\/p>\n<p><a href=\"https:\/\/gadsixtoduranballen.gob.ec\/manabi\/wp-content\/uploads\/2025\/08\/acta-de-sesion-del-viernes-11-de-abril-2025.pdf\">acta de sesi\u00f3n del viernes 11 de abril 2025<\/a><\/p>\n<p><a href=\"https:\/\/gadsixtoduranballen.gob.ec\/manabi\/wp-content\/uploads\/2025\/08\/acta-de-sesion-del-viernes-29-de-abril-del-2025.pdf\">acta de sesi\u00f3n del viernes 29 de abril del 2025<\/a><\/p>\n<p><a href=\"https:\/\/gadsixtoduranballen.gob.ec\/manabi\/wp-content\/uploads\/2025\/08\/Acta-de-sesion-del-28-de-mayo-de-2025.pdf\">Acta de sesi\u00f3n del 28 de mayo de 2025<\/a><\/p>\n<p><a href=\"https:\/\/gadsixtoduranballen.gob.ec\/manabi\/wp-content\/uploads\/2025\/08\/acta-de-sesion-del-dia-martes-13-de-mayo-de-2025.pdf\">acta de sesi\u00f3n del d\u00eda martes 13 de mayo de 2025<\/a><\/p>\n<p><a href=\"https:\/\/gadsixtoduranballen.gob.ec\/manabi\/wp-content\/uploads\/2025\/08\/Acta-de-sesion-del-16-de-junio-de-2025.pdf\">Acta de sesi\u00f3n del 16 de junio de 2025<\/a><\/p>\n<p><a href=\"https:\/\/gadsixtoduranballen.gob.ec\/manabi\/wp-content\/uploads\/2025\/08\/Acta-de-sesion-lunes-30-de-junio-de-2025.pdf\">Acta de sesi\u00f3n lunes 30 de junio de 2025<\/a><\/p>\n<p><a href=\"https:\/\/gadsixtoduranballen.gob.ec\/manabi\/wp-content\/uploads\/2025\/08\/Acta-de-sesion-del-dia-lunes-14-de-julio-de-2025.pdf\">Acta de sesi\u00f3n del d\u00eda lunes 14 de julio de 2025<\/a><\/p>\n<p><a href=\"https:\/\/gadsixtoduranballen.gob.ec\/manabi\/wp-content\/uploads\/2025\/10\/28-de-julio.pdf\">28 de julio<\/a><\/p>\n<p><a href=\"https:\/\/gadsixtoduranballen.gob.ec\/manabi\/wp-content\/uploads\/2025\/10\/28-de-agosto.pdf\">28 de agosto<\/a><\/p>\n<p><a href=\"https:\/\/gadsixtoduranballen.gob.ec\/manabi\/wp-content\/uploads\/2025\/10\/8-de-Septiembre.pdf\">8 de Septiembre<\/a><\/p>\n<p><a href=\"https:\/\/gadsixtoduranballen.gob.ec\/manabi\/wp-content\/uploads\/2025\/10\/30-de-Septiembre-.pdf\">30 de Septiembre<\/a><\/p>\n<p><a href=\"https:\/\/gadsixtoduranballen.gob.ec\/manabi\/wp-content\/uploads\/2025\/11\/Acta-N\u00b020-del-30-de-octubre-.pdf\">Acta N\u00b020 del 30 de octubre<\/a><\/p>\n<p><a href=\"https:\/\/gadsixtoduranballen.gob.ec\/manabi\/wp-content\/uploads\/2025\/12\/Acta-N21-__-17-de-Noviembre-.pdf\">Acta N21 __ 17 de Noviembre<\/a><\/p>\n<p><a href=\"https:\/\/gadsixtoduranballen.gob.ec\/manabi\/wp-content\/uploads\/2025\/12\/acta-27-de-noviembre-.pdf\">acta 27 de noviembre<\/a><\/p>\n<p><a href=\"https:\/\/gadsixtoduranballen.gob.ec\/manabi\/wp-content\/uploads\/2025\/12\/Acta-__09-de-Diciembre-.pdf\">Acta __09 de Diciembre<\/a><\/p>\n<p><a href=\"https:\/\/gadsixtoduranballen.gob.ec\/manabi\/wp-content\/uploads\/2026\/02\/Acta-16-de-diciembre-de-2025.pdf\">Acta 16 de diciembre de 2025<\/a><\/p>\n<p><a href=\"https:\/\/gadsixtoduranballen.gob.ec\/manabi\/wp-content\/uploads\/2026\/01\/30-de-diciembre-acta-24.pdf\">30 de diciembre acta 24<\/a><\/p>\n<p>&nbsp;<\/p>\n[\/vc_wp_text][\/vc_accordion_tab][vc_accordion_tab title=\u00bb2024&#8243;][vc_wp_text]\n<p>&nbsp;<\/p>\n[\/vc_wp_text][\/vc_accordion_tab][\/vc_accordion][vc_accordion][vc_accordion_tab title=\u00bbCONVENIOS\u00bb][vc_wp_text][\/vc_wp_text][\/vc_accordion_tab][vc_accordion_tab title=\u00bb2025&#8243;][vc_wp_text]\n<p><a href=\"https:\/\/gadsixtoduranballen.gob.ec\/manabi\/wp-content\/uploads\/2025\/11\/Convenio-de-Matapalo-de-la-parroquia-Sixto-Duran-Ballen-.pdf\">Convenio de Matapalo de la parroquia Sixto Dur\u00e1n Ballen<\/a><\/p>\n[\/vc_wp_text][\/vc_accordion_tab][vc_accordion_tab title=\u00bb2024&#8243;][vc_wp_text]\n<p>&nbsp;<\/p>\n[\/vc_wp_text][\/vc_accordion_tab][\/vc_accordion][vc_column_text][\/vc_column_text][\/vc_column][\/vc_row]\n","protected":false},"excerpt":{"rendered":"<p>[vc_row][vc_column][vc_accordion][vc_accordion_tab title=\u00bbACTAS\u00bb][vc_wp_text][\/vc_wp_text][\/vc_accordion_tab][vc_accordion_tab title=\u00bb2026&#8243;][vc_wp_text] Acta 02 de febrero del 2026 Acta 04-Febrero-2026 Acta 10 de Febrero de 2026 Acta 26 de febrero [\/vc_wp_text][\/vc_accordion_tab][vc_accordion_tab title=\u00bb2025&#8243;][vc_wp_text] Acta de sesi\u00f3n 13 de Enero del 2025 Acta de sesi\u00f3n del d\u00eda jueves 30 de enero de 2025 Acta de sesi\u00f3n del d\u00eda martes 25 de febrero de 2025 Acta de [&hellip;]<\/p>\n","protected":false},"author":4,"featured_media":0,"parent":0,"menu_order":0,"comment_status":"closed","ping_status":"closed","template":"","meta":{"ocean_post_layout":"","ocean_both_sidebars_style":"","ocean_both_sidebars_content_width":0,"ocean_both_sidebars_sidebars_width":0,"ocean_sidebar":"0","ocean_second_sidebar":"0","ocean_disable_margins":"enable","ocean_add_body_class":"","ocean_shortcode_before_top_bar":"","ocean_shortcode_after_top_bar":"","ocean_shortcode_before_header":"","ocean_shortcode_after_header":"","ocean_has_shortcode":"","ocean_shortcode_after_title":"","ocean_shortcode_before_footer_widgets":"","ocean_shortcode_after_footer_widgets":"","ocean_shortcode_before_footer_bottom":"","ocean_shortcode_after_footer_bottom":"","ocean_display_top_bar":"default","ocean_display_header":"default","ocean_header_style":"","ocean_center_header_left_menu":"0","ocean_custom_header_template":"0","ocean_custom_logo":0,"ocean_custom_retina_logo":0,"ocean_custom_logo_max_width":0,"ocean_custom_logo_tablet_max_width":0,"ocean_custom_logo_mobile_max_width":0,"ocean_custom_logo_max_height":0,"ocean_custom_logo_tablet_max_height":0,"ocean_custom_logo_mobile_max_height":0,"ocean_header_custom_menu":"0","ocean_menu_typo_font_family":"0","ocean_menu_typo_font_subset":"","ocean_menu_typo_font_size":0,"ocean_menu_typo_font_size_tablet":0,"ocean_menu_typo_font_size_mobile":0,"ocean_menu_typo_font_size_unit":"px","ocean_menu_typo_font_weight":"","ocean_menu_typo_font_weight_tablet":"","ocean_menu_typo_font_weight_mobile":"","ocean_menu_typo_transform":"","ocean_menu_typo_transform_tablet":"","ocean_menu_typo_transform_mobile":"","ocean_menu_typo_line_height":0,"ocean_menu_typo_line_height_tablet":0,"ocean_menu_typo_line_height_mobile":0,"ocean_menu_typo_line_height_unit":"","ocean_menu_typo_spacing":0,"ocean_menu_typo_spacing_tablet":0,"ocean_menu_typo_spacing_mobile":0,"ocean_menu_typo_spacing_unit":"","ocean_menu_link_color":"","ocean_menu_link_color_hover":"","ocean_menu_link_color_active":"","ocean_menu_link_background":"","ocean_menu_link_hover_background":"","ocean_menu_link_active_background":"","ocean_menu_social_links_bg":"","ocean_menu_social_hover_links_bg":"","ocean_menu_social_links_color":"","ocean_menu_social_hover_links_color":"","ocean_disable_title":"default","ocean_disable_heading":"default","ocean_post_title":"","ocean_post_subheading":"","ocean_post_title_style":"","ocean_post_title_background_color":"","ocean_post_title_background":0,"ocean_post_title_bg_image_position":"","ocean_post_title_bg_image_attachment":"","ocean_post_title_bg_image_repeat":"","ocean_post_title_bg_image_size":"","ocean_post_title_height":0,"ocean_post_title_bg_overlay":0.5,"ocean_post_title_bg_overlay_color":"","ocean_disable_breadcrumbs":"default","ocean_breadcrumbs_color":"","ocean_breadcrumbs_separator_color":"","ocean_breadcrumbs_links_color":"","ocean_breadcrumbs_links_hover_color":"","ocean_display_footer_widgets":"default","ocean_display_footer_bottom":"default","ocean_custom_footer_template":"0","footnotes":""},"class_list":["post-4143","page","type-page","status-publish","hentry","entry"],"_links":{"self":[{"href":"https:\/\/gadsixtoduranballen.gob.ec\/manabi\/wp-json\/wp\/v2\/pages\/4143","targetHints":{"allow":["GET"]}}],"collection":[{"href":"https:\/\/gadsixtoduranballen.gob.ec\/manabi\/wp-json\/wp\/v2\/pages"}],"about":[{"href":"https:\/\/gadsixtoduranballen.gob.ec\/manabi\/wp-json\/wp\/v2\/types\/page"}],"author":[{"embeddable":true,"href":"https:\/\/gadsixtoduranballen.gob.ec\/manabi\/wp-json\/wp\/v2\/users\/4"}],"replies":[{"embeddable":true,"href":"https:\/\/gadsixtoduranballen.gob.ec\/manabi\/wp-json\/wp\/v2\/comments?post=4143"}],"version-history":[{"count":13,"href":"https:\/\/gadsixtoduranballen.gob.ec\/manabi\/wp-json\/wp\/v2\/pages\/4143\/revisions"}],"predecessor-version":[{"id":4237,"href":"https:\/\/gadsixtoduranballen.gob.ec\/manabi\/wp-json\/wp\/v2\/pages\/4143\/revisions\/4237"}],"wp:attachment":[{"href":"https:\/\/gadsixtoduranballen.gob.ec\/manabi\/wp-json\/wp\/v2\/media?parent=4143"}],"curies":[{"name":"wp","href":"https:\/\/api.w.org\/{rel}","templated":true}]}}