{"id":342,"date":"2017-02-14T12:04:40","date_gmt":"2017-02-14T16:04:40","guid":{"rendered":"http:\/\/gadsixtoduranballen.gob.ec\/manabi\/?page_id=342"},"modified":"2018-07-09T16:33:37","modified_gmt":"2018-07-09T20:33:37","slug":"rendicion-de-cuentas-2017","status":"publish","type":"page","link":"https:\/\/gadsixtoduranballen.gob.ec\/manabi\/rendicion-de-cuentas-2017\/","title":{"rendered":"Rendici\u00f3n de Cuentas 2017"},"content":{"rendered":"<p>Proceso de Rendici\u00f3n de Cuentas GAD Arq. Sixto Duran Ball\u00e9n<\/p>\n<p><a href=\"http:\/\/gadsixtoduranballen.gob.ec\/manabi\/wp-content\/uploads\/2017\/02\/MATRIZ-DE-MAPEO-DE-ACTORES.pdf\">MATRIZ DE MAPEO DE ACTORES<\/a><\/p>\n<p>Modelo de consulta ciudadana aplicada<\/p>\n<p><a href=\"http:\/\/gadsixtoduranballen.gob.ec\/manabi\/wp-content\/uploads\/2017\/02\/CONSULTA-CIUDADANA.pdf\">CONSULTA CIUDADANA<\/a><\/p>\n<p><a href=\"http:\/\/gadsixtoduranballen.gob.ec\/manabi\/wp-content\/uploads\/2017\/02\/SOLICITUD-DE-PREGUNTAS-AL-GAD.pdf\">SOLICITUD DE PREGUNTAS AL GAD<\/a><\/p>\n<p><a href=\"http:\/\/gadsixtoduranballen.gob.ec\/manabi\/wp-content\/uploads\/2017\/02\/RESPUESTA-A-PREGUNTAS-CIUDADANAS.pdf\">RESPUESTA A PREGUNTAS CIUDADANAS<\/a><\/p>\n<p><a href=\"http:\/\/gadsixtoduranballen.gob.ec\/manabi\/wp-content\/uploads\/2017\/02\/REGISTRO-DE-ASISTENCIA-DELIBERACION-PUBLICA.pdf\">REGISTRO DE ASISTENCIA DELIBERACION PUBLICA<\/a><\/p>\n<p><a href=\"http:\/\/gadsixtoduranballen.gob.ec\/manabi\/wp-content\/uploads\/2017\/02\/RENDICION-DE-CUENTAS-DEL-GAD-EN-EL-SISTEMA.pdf\">RENDICION DE CUENTAS DEL GAD EN EL SISTEMA<\/a><\/p>\n<p>FOTOS DE FASES DE RENDICI\u00d3N DE CUENTAS 2017<\/p>\n<p><img loading=\"lazy\" decoding=\"async\" class=\"alignnone size-medium wp-image-843\" src=\"http:\/\/gadsixtoduranballen.gob.ec\/manabi\/wp-content\/uploads\/2017\/02\/DSC02196-1.jpg\" alt=\"\" width=\"1\" height=\"1\" \/><img loading=\"lazy\" decoding=\"async\" class=\"alignnone size-medium wp-image-840\" src=\"http:\/\/gadsixtoduranballen.gob.ec\/manabi\/wp-content\/uploads\/2017\/02\/DSC02186-1.jpg\" alt=\"\" width=\"1\" height=\"1\" \/><\/p>\n<div data-carousel-extra='{\"blog_id\":1,\"permalink\":\"https:\\\/\\\/gadsixtoduranballen.gob.ec\\\/manabi\\\/rendicion-de-cuentas-2017\\\/\"}' id='gallery-1' class='gallery galleryid-342 gallery-columns-3 gallery-size-thumbnail'><figure class='gallery-item'>\n\t\t\t<div class='gallery-icon '>\n\t\t\t\t<a href='https:\/\/gadsixtoduranballen.gob.ec\/manabi\/rendicion-de-cuentas-2017\/dsc02197\/'><img loading=\"lazy\" decoding=\"async\" data-attachment-id=\"1106\" data-orig-file=\"https:\/\/gadsixtoduranballen.gob.ec\/manabi\/wp-content\/uploads\/2017\/02\/DSC02197.jpg\" data-orig-size=\"\" data-comments-opened=\"0\" data-image-meta=\"[]\" data-image-title=\"DSC02197\" data-image-description=\"\" data-medium-file=\"https:\/\/gadsixtoduranballen.gob.ec\/manabi\/wp-content\/uploads\/2017\/02\/DSC02197.jpg\" data-large-file=\"https:\/\/gadsixtoduranballen.gob.ec\/manabi\/wp-content\/uploads\/2017\/02\/DSC02197.jpg\" width=\"1\" height=\"1\" src=\"https:\/\/gadsixtoduranballen.gob.ec\/manabi\/wp-content\/uploads\/2017\/02\/DSC02197.jpg\" class=\"attachment-thumbnail size-thumbnail\" alt=\"\" \/><\/a>\n\t\t\t<\/div><\/figure>\n\t\t<\/div>\n\n<div data-carousel-extra='{\"blog_id\":1,\"permalink\":\"https:\\\/\\\/gadsixtoduranballen.gob.ec\\\/manabi\\\/rendicion-de-cuentas-2017\\\/\"}' id='gallery-2' class='gallery galleryid-342 gallery-columns-3 gallery-size-thumbnail'><figure class='gallery-item'>\n\t\t\t<div class='gallery-icon '>\n\t\t\t\t<a href='https:\/\/gadsixtoduranballen.gob.ec\/manabi\/rendicion-de-cuentas-2017\/dsc02186-4\/'><img loading=\"lazy\" decoding=\"async\" data-attachment-id=\"1105\" data-orig-file=\"https:\/\/gadsixtoduranballen.gob.ec\/manabi\/wp-content\/uploads\/2017\/02\/DSC02186-3.jpg\" data-orig-size=\"\" data-comments-opened=\"0\" data-image-meta=\"[]\" data-image-title=\"DSC02186\" data-image-description=\"\" data-medium-file=\"https:\/\/gadsixtoduranballen.gob.ec\/manabi\/wp-content\/uploads\/2017\/02\/DSC02186-3.jpg\" data-large-file=\"https:\/\/gadsixtoduranballen.gob.ec\/manabi\/wp-content\/uploads\/2017\/02\/DSC02186-3.jpg\" width=\"1\" height=\"1\" src=\"https:\/\/gadsixtoduranballen.gob.ec\/manabi\/wp-content\/uploads\/2017\/02\/DSC02186-3.jpg\" class=\"attachment-thumbnail size-thumbnail\" alt=\"\" \/><\/a>\n\t\t\t<\/div><\/figure>\n\t\t<\/div>\n\n<div data-carousel-extra='{\"blog_id\":1,\"permalink\":\"https:\\\/\\\/gadsixtoduranballen.gob.ec\\\/manabi\\\/rendicion-de-cuentas-2017\\\/\"}' id='gallery-3' class='gallery galleryid-342 gallery-columns-3 gallery-size-thumbnail'><figure class='gallery-item'>\n\t\t\t<div class='gallery-icon '>\n\t\t\t\t<a href='https:\/\/gadsixtoduranballen.gob.ec\/manabi\/rendicion-de-cuentas-2017\/dsc02190\/'><img loading=\"lazy\" decoding=\"async\" data-attachment-id=\"909\" data-orig-file=\"https:\/\/gadsixtoduranballen.gob.ec\/manabi\/wp-content\/uploads\/2017\/02\/DSC02190.jpg\" data-orig-size=\"\" data-comments-opened=\"0\" data-image-meta=\"[]\" data-image-title=\"DSC02190\" data-image-description=\"\" data-medium-file=\"https:\/\/gadsixtoduranballen.gob.ec\/manabi\/wp-content\/uploads\/2017\/02\/DSC02190.jpg\" data-large-file=\"https:\/\/gadsixtoduranballen.gob.ec\/manabi\/wp-content\/uploads\/2017\/02\/DSC02190.jpg\" width=\"1\" height=\"1\" src=\"https:\/\/gadsixtoduranballen.gob.ec\/manabi\/wp-content\/uploads\/2017\/02\/DSC02190.jpg\" class=\"attachment-thumbnail size-thumbnail\" alt=\"\" \/><\/a>\n\t\t\t<\/div><\/figure>\n\t\t<\/div>\n\n<p>&nbsp;<\/p>\n<p>&nbsp;<\/p>\n<p>&nbsp;<\/p>\n<p>&nbsp;<\/p>\n","protected":false},"excerpt":{"rendered":"<p>Proceso de Rendici\u00f3n de Cuentas GAD Arq. Sixto Duran Ball\u00e9n MATRIZ DE MAPEO DE ACTORES Modelo de consulta ciudadana aplicada CONSULTA CIUDADANA SOLICITUD DE PREGUNTAS AL GAD RESPUESTA A PREGUNTAS CIUDADANAS REGISTRO DE ASISTENCIA DELIBERACION PUBLICA RENDICION DE CUENTAS DEL GAD EN EL SISTEMA FOTOS DE FASES DE RENDICI\u00d3N DE CUENTAS 2017 &nbsp; &nbsp; &nbsp; [&hellip;]<\/p>\n","protected":false},"author":4,"featured_media":839,"parent":0,"menu_order":0,"comment_status":"closed","ping_status":"closed","template":"","meta":{"ocean_post_layout":"","ocean_both_sidebars_style":"","ocean_both_sidebars_content_width":0,"ocean_both_sidebars_sidebars_width":0,"ocean_sidebar":"","ocean_second_sidebar":"","ocean_disable_margins":"enable","ocean_add_body_class":"","ocean_shortcode_before_top_bar":"","ocean_shortcode_after_top_bar":"","ocean_shortcode_before_header":"","ocean_shortcode_after_header":"","ocean_has_shortcode":"","ocean_shortcode_after_title":"","ocean_shortcode_before_footer_widgets":"","ocean_shortcode_after_footer_widgets":"","ocean_shortcode_before_footer_bottom":"","ocean_shortcode_after_footer_bottom":"","ocean_display_top_bar":"default","ocean_display_header":"default","ocean_header_style":"","ocean_center_header_left_menu":"","ocean_custom_header_template":"","ocean_custom_logo":0,"ocean_custom_retina_logo":0,"ocean_custom_logo_max_width":0,"ocean_custom_logo_tablet_max_width":0,"ocean_custom_logo_mobile_max_width":0,"ocean_custom_logo_max_height":0,"ocean_custom_logo_tablet_max_height":0,"ocean_custom_logo_mobile_max_height":0,"ocean_header_custom_menu":"","ocean_menu_typo_font_family":"","ocean_menu_typo_font_subset":"","ocean_menu_typo_font_size":0,"ocean_menu_typo_font_size_tablet":0,"ocean_menu_typo_font_size_mobile":0,"ocean_menu_typo_font_size_unit":"px","ocean_menu_typo_font_weight":"","ocean_menu_typo_font_weight_tablet":"","ocean_menu_typo_font_weight_mobile":"","ocean_menu_typo_transform":"","ocean_menu_typo_transform_tablet":"","ocean_menu_typo_transform_mobile":"","ocean_menu_typo_line_height":0,"ocean_menu_typo_line_height_tablet":0,"ocean_menu_typo_line_height_mobile":0,"ocean_menu_typo_line_height_unit":"","ocean_menu_typo_spacing":0,"ocean_menu_typo_spacing_tablet":0,"ocean_menu_typo_spacing_mobile":0,"ocean_menu_typo_spacing_unit":"","ocean_menu_link_color":"","ocean_menu_link_color_hover":"","ocean_menu_link_color_active":"","ocean_menu_link_background":"","ocean_menu_link_hover_background":"","ocean_menu_link_active_background":"","ocean_menu_social_links_bg":"","ocean_menu_social_hover_links_bg":"","ocean_menu_social_links_color":"","ocean_menu_social_hover_links_color":"","ocean_disable_title":"default","ocean_disable_heading":"default","ocean_post_title":"","ocean_post_subheading":"","ocean_post_title_style":"","ocean_post_title_background_color":"","ocean_post_title_background":0,"ocean_post_title_bg_image_position":"","ocean_post_title_bg_image_attachment":"","ocean_post_title_bg_image_repeat":"","ocean_post_title_bg_image_size":"","ocean_post_title_height":0,"ocean_post_title_bg_overlay":0.5,"ocean_post_title_bg_overlay_color":"","ocean_disable_breadcrumbs":"default","ocean_breadcrumbs_color":"","ocean_breadcrumbs_separator_color":"","ocean_breadcrumbs_links_color":"","ocean_breadcrumbs_links_hover_color":"","ocean_display_footer_widgets":"default","ocean_display_footer_bottom":"default","ocean_custom_footer_template":"","footnotes":""},"class_list":["post-342","page","type-page","status-publish","has-post-thumbnail","hentry","entry","has-media"],"_links":{"self":[{"href":"https:\/\/gadsixtoduranballen.gob.ec\/manabi\/wp-json\/wp\/v2\/pages\/342","targetHints":{"allow":["GET"]}}],"collection":[{"href":"https:\/\/gadsixtoduranballen.gob.ec\/manabi\/wp-json\/wp\/v2\/pages"}],"about":[{"href":"https:\/\/gadsixtoduranballen.gob.ec\/manabi\/wp-json\/wp\/v2\/types\/page"}],"author":[{"embeddable":true,"href":"https:\/\/gadsixtoduranballen.gob.ec\/manabi\/wp-json\/wp\/v2\/users\/4"}],"replies":[{"embeddable":true,"href":"https:\/\/gadsixtoduranballen.gob.ec\/manabi\/wp-json\/wp\/v2\/comments?post=342"}],"version-history":[{"count":8,"href":"https:\/\/gadsixtoduranballen.gob.ec\/manabi\/wp-json\/wp\/v2\/pages\/342\/revisions"}],"predecessor-version":[{"id":1108,"href":"https:\/\/gadsixtoduranballen.gob.ec\/manabi\/wp-json\/wp\/v2\/pages\/342\/revisions\/1108"}],"wp:featuredmedia":[{"embeddable":true,"href":"https:\/\/gadsixtoduranballen.gob.ec\/manabi\/wp-json\/wp\/v2\/media\/839"}],"wp:attachment":[{"href":"https:\/\/gadsixtoduranballen.gob.ec\/manabi\/wp-json\/wp\/v2\/media?parent=342"}],"curies":[{"name":"wp","href":"https:\/\/api.w.org\/{rel}","templated":true}]}}