{"id":3244,"date":"2023-12-30T12:20:58","date_gmt":"2023-12-30T16:20:58","guid":{"rendered":"https:\/\/gadsixtoduranballen.gob.ec\/manabi\/?page_id=3244"},"modified":"2025-07-28T19:57:46","modified_gmt":"2025-07-28T23:57:46","slug":"rendicion-de-cuentas-2024","status":"publish","type":"page","link":"https:\/\/gadsixtoduranballen.gob.ec\/manabi\/rendicion-de-cuentas-2024\/","title":{"rendered":"Rendici\u00f3n de Cuentas 2024"},"content":{"rendered":"<p><strong>FASE 1 PLANIFICACION DEL PROCESO<\/strong><\/p>\n<p><a href=\"https:\/\/gadsixtoduranballen.gob.ec\/manabi\/wp-content\/uploads\/2025\/06\/acta-de-confirmacion-del-equipo-tecnico-.pdf\">acta de confirmaci\u00f3n del equipo t\u00e9cnico<\/a><br \/>\n<a href=\"https:\/\/gadsixtoduranballen.gob.ec\/manabi\/wp-content\/uploads\/2025\/06\/Acuerdo-y-compromiso-1.pdf\">Acuerdo y compromiso -1<\/a><br \/>\n<a href=\"https:\/\/gadsixtoduranballen.gob.ec\/manabi\/wp-content\/uploads\/2025\/06\/ANEXO-DE-MESA-TRABAJO.pdf\">ANEXO DE MESA TRABAJO<\/a><br \/>\n<a href=\"https:\/\/gadsixtoduranballen.gob.ec\/manabi\/wp-content\/uploads\/2025\/06\/ASISTENCIA-consulta-a-la-ciudadania-para-levantar-temas-sobre-los-cuales-rendir-cuentas-1.pdf\">ASISTENCIA consulta a la ciudadan\u00eda para levantar temas sobre los cuales rendir cuentas<\/a><br \/>\n<a href=\"https:\/\/gadsixtoduranballen.gob.ec\/manabi\/wp-content\/uploads\/2025\/06\/hoja-de-ruta.pdf\">hoja de ruta<\/a><br \/>\n<a href=\"https:\/\/gadsixtoduranballen.gob.ec\/manabi\/wp-content\/uploads\/2025\/06\/MATRIZ-DE-MAPEO.pdf\">MATRIZ DE MAPEO<\/a><br \/>\n<a href=\"https:\/\/gadsixtoduranballen.gob.ec\/manabi\/wp-content\/uploads\/2025\/06\/oficio-enviado-por-el-consejo-de-planificacion-.pdf\">oficio enviado por el consejo de planificaci\u00f3n<\/a><br \/>\n<a href=\"https:\/\/gadsixtoduranballen.gob.ec\/manabi\/wp-content\/uploads\/2025\/06\/PDyOT-PDYOT-Sixto-Duran-Ballen-1.pdf\">PDyOT &#8211; PDYOT-Sixto-Duran-Ballen-1<\/a><br \/>\n<a href=\"https:\/\/gadsixtoduranballen.gob.ec\/manabi\/wp-content\/uploads\/2025\/06\/plan-de-trabajo-1-1.pdf\">plan de trabajo<\/a><br \/>\n<a href=\"https:\/\/gadsixtoduranballen.gob.ec\/manabi\/wp-content\/uploads\/2025\/06\/POA-2024-1.pdf\">POA 2024<\/a><br \/>\n<a href=\"https:\/\/gadsixtoduranballen.gob.ec\/manabi\/wp-content\/uploads\/2025\/06\/presupuesto-2024-1.pdf\">presupuesto 2024<\/a><br \/>\n<a href=\"https:\/\/gadsixtoduranballen.gob.ec\/manabi\/wp-content\/uploads\/2025\/06\/RESOLUCION-No.-CPCCS-PLE-SG-007-E-2025-0070-Modificacion-del-cronograma-de-rendicion-de-cuentas-del-periodo-fiscal-2024-1.pdf\">RESOLUCI\u00d3N No. CPCCS-PLE-SG-007-E-2025-0070 Modificaci\u00f3n del cronograma de rendici\u00f3n de cuentas del per\u00edodo fiscal 2024<\/a><\/p>\n<p><a href=\"https:\/\/gadsixtoduranballen.gob.ec\/manabi\/wp-content\/uploads\/2025\/06\/ANEXOS-DELIBERACION-PUBLICA-RC-2024.pdf\">ANEXOS DELIBERACION PUBLICA RC 2024<\/a><br \/>\n<a href=\"https:\/\/gadsixtoduranballen.gob.ec\/manabi\/wp-content\/uploads\/2025\/06\/ASISTENCIA-17-DE-JUNIO-RC.pdf\">ASISTENCIA 17 DE JUNIO RC<\/a><\/p>\n<p><a href=\"https:\/\/gadsixtoduranballen.gob.ec\/manabi\/wp-content\/uploads\/2025\/07\/INFORME-2024-RENDICION-DE-CUENTAS.pdf\">INFORME 2024 RENDICION DE CUENTAS<\/a><\/p>\n<p><a href=\"https:\/\/gadsixtoduranballen.gob.ec\/manabi\/wp-content\/uploads\/2025\/07\/acta-de-confirmacion-del-equipo-tecnico-.pdf\">acta de confirmaci\u00f3n del equipo t\u00e9cnico<\/a><\/p>\n<p><a href=\"https:\/\/gadsixtoduranballen.gob.ec\/manabi\/wp-content\/uploads\/2025\/07\/Acta-de-conformacion-Mixta.pdf\">Acta de conformacion Mixta<\/a><\/p>\n<p><a href=\"https:\/\/gadsixtoduranballen.gob.ec\/manabi\/wp-content\/uploads\/2025\/07\/cedula-de-ingresos.pdf\">cedula de ingresos<\/a><\/p>\n<p><a href=\"https:\/\/gadsixtoduranballen.gob.ec\/manabi\/wp-content\/uploads\/2025\/07\/cedula-de-gastos.pdf\">cedula de gastos<\/a><\/p>\n<p><a href=\"https:\/\/gadsixtoduranballen.gob.ec\/manabi\/wp-content\/uploads\/2025\/07\/FORMULARIO-2024-RC.pdf\">FORMULARIO 2024 RC<\/a><\/p>\n<p><a href=\"https:\/\/gadsixtoduranballen.gob.ec\/manabi\/wp-content\/uploads\/2025\/07\/OFICIO-DE-ENTREGA-DE-INFORME.pdf\">OFICIO DE ENTREGA DE INFORME<\/a><\/p>\n<p><a href=\"https:\/\/gadsixtoduranballen.gob.ec\/manabi\/wp-content\/uploads\/2025\/07\/aprobacion-de-informe.pdf\">aprobacion de informe<\/a><\/p>\n<div class=\"wp-playlist wp-video-playlist wp-playlist-light\">\n\t\t<video controls=\"controls\" preload=\"none\" width=\"1178\"\n\t\t height=\"667\"\t><\/video>\n\t<div class=\"wp-playlist-next\"><\/div>\n\t<div class=\"wp-playlist-prev\"><\/div>\n\t<noscript>\n\t<ol>\n\t\t<li><a href='https:\/\/gadsixtoduranballen.gob.ec\/manabi\/wp-content\/uploads\/2025\/06\/WhatsApp-Video-2025-06-18-at-8.13.15-AM.mp4'>WhatsApp-Video-2025-06-18-at-8.13.15-AM<\/a><\/li><li><a href='https:\/\/gadsixtoduranballen.gob.ec\/manabi\/wp-content\/uploads\/2025\/06\/WhatsApp-Video-2025-06-17-at-10.38.12-AM.mp4'>WhatsApp-Video-2025-06-17-at-10.38.12-AM<\/a><\/li><li><a href='https:\/\/gadsixtoduranballen.gob.ec\/manabi\/wp-content\/uploads\/2025\/06\/WhatsApp-Video-2025-06-17-at-10.43.56-AM.mp4'>WhatsApp-Video-2025-06-17-at-10.43.56-AM<\/a><\/li><li><a href='https:\/\/gadsixtoduranballen.gob.ec\/manabi\/wp-content\/uploads\/2025\/06\/WhatsApp-Video-2025-06-17-at-10.38.13-AM1.mp4'>WhatsApp-Video-2025-06-17-at-10.38.13-AM1<\/a><\/li>\t<\/ol>\n\t<\/noscript>\n\t<script type=\"application\/json\" class=\"wp-playlist-script\">{\"type\":\"video\",\"tracklist\":true,\"tracknumbers\":true,\"images\":true,\"artists\":true,\"tracks\":[{\"src\":\"https:\/\/gadsixtoduranballen.gob.ec\/manabi\/wp-content\/uploads\/2025\/06\/WhatsApp-Video-2025-06-18-at-8.13.15-AM.mp4\",\"type\":\"video\/mp4\",\"title\":\"\",\"caption\":\"\",\"description\":\"\",\"meta\":{\"length_formatted\":\"0:03\"},\"dimensions\":{\"original\":{\"width\":848,\"height\":478},\"resized\":{\"width\":1178,\"height\":664}},\"image\":{\"src\":\"https:\/\/gadsixtoduranballen.gob.ec\/manabi\/wp-includes\/images\/media\/video.svg\",\"width\":48,\"height\":64},\"thumb\":{\"src\":\"https:\/\/gadsixtoduranballen.gob.ec\/manabi\/wp-includes\/images\/media\/video.svg\",\"width\":48,\"height\":64}},{\"src\":\"https:\/\/gadsixtoduranballen.gob.ec\/manabi\/wp-content\/uploads\/2025\/06\/WhatsApp-Video-2025-06-17-at-10.38.12-AM.mp4\",\"type\":\"video\/mp4\",\"title\":\"\",\"caption\":\"\",\"description\":\"\",\"meta\":{\"length_formatted\":\"0:20\"},\"dimensions\":{\"original\":{\"width\":480,\"height\":864},\"resized\":{\"width\":1178,\"height\":2120}},\"image\":{\"src\":\"https:\/\/gadsixtoduranballen.gob.ec\/manabi\/wp-includes\/images\/media\/video.svg\",\"width\":48,\"height\":64},\"thumb\":{\"src\":\"https:\/\/gadsixtoduranballen.gob.ec\/manabi\/wp-includes\/images\/media\/video.svg\",\"width\":48,\"height\":64}},{\"src\":\"https:\/\/gadsixtoduranballen.gob.ec\/manabi\/wp-content\/uploads\/2025\/06\/WhatsApp-Video-2025-06-17-at-10.43.56-AM.mp4\",\"type\":\"video\/mp4\",\"title\":\"\",\"caption\":\"\",\"description\":\"\",\"meta\":{\"length_formatted\":\"0:46\"},\"dimensions\":{\"original\":{\"width\":848,\"height\":480},\"resized\":{\"width\":1178,\"height\":667}},\"image\":{\"src\":\"https:\/\/gadsixtoduranballen.gob.ec\/manabi\/wp-includes\/images\/media\/video.svg\",\"width\":48,\"height\":64},\"thumb\":{\"src\":\"https:\/\/gadsixtoduranballen.gob.ec\/manabi\/wp-includes\/images\/media\/video.svg\",\"width\":48,\"height\":64}},{\"src\":\"https:\/\/gadsixtoduranballen.gob.ec\/manabi\/wp-content\/uploads\/2025\/06\/WhatsApp-Video-2025-06-17-at-10.38.13-AM1.mp4\",\"type\":\"video\/mp4\",\"title\":\"\",\"caption\":\"\",\"description\":\"\",\"meta\":{\"length_formatted\":\"0:30\"},\"dimensions\":{\"original\":{\"width\":848,\"height\":480},\"resized\":{\"width\":1178,\"height\":667}},\"image\":{\"src\":\"https:\/\/gadsixtoduranballen.gob.ec\/manabi\/wp-includes\/images\/media\/video.svg\",\"width\":48,\"height\":64},\"thumb\":{\"src\":\"https:\/\/gadsixtoduranballen.gob.ec\/manabi\/wp-includes\/images\/media\/video.svg\",\"width\":48,\"height\":64}}]}<\/script>\n<\/div>\n\t\n<p>&nbsp;<\/p>\n<div class=\"su-accordion su-u-trim\"><\/div><div class=\"su-spoiler su-spoiler-style-default su-spoiler-icon-plus su-spoiler-closed\" data-scroll-offset=\"0\" data-anchor-in-url=\"no\"><div class=\"su-spoiler-title\" tabindex=\"0\" role=\"button\"><span class=\"su-spoiler-icon\"><\/span>RESPUESTA DE LA MESA DE PREGUNTAS<\/div><div class=\"su-spoiler-content su-u-clearfix su-u-trim\">\n<p><a href=\"https:\/\/gadsixtoduranballen.gob.ec\/manabi\/wp-content\/uploads\/2025\/06\/solicitud-de-desembolso-2.pdf\">solicitud de desembolso<\/a><br \/>\n<a href=\"https:\/\/gadsixtoduranballen.gob.ec\/manabi\/wp-content\/uploads\/2025\/06\/solicitud-de-desembolso-3.pdf\">solicitud de desembolso<\/a><br \/>\n<a href=\"https:\/\/gadsixtoduranballen.gob.ec\/manabi\/wp-content\/uploads\/2025\/06\/agua-potable-1-1.pdf\">agua potable<\/a><br \/>\n<a href=\"https:\/\/gadsixtoduranballen.gob.ec\/manabi\/wp-content\/uploads\/2025\/06\/brigadas-medicas-1.pdf\">brigadas medicas<\/a><br \/>\n<a href=\"https:\/\/gadsixtoduranballen.gob.ec\/manabi\/wp-content\/uploads\/2025\/06\/centro-de-rehabilitacion-1-1.pdf\">centro de rehabilitaci\u00f3n<\/a><br \/>\n<a href=\"https:\/\/gadsixtoduranballen.gob.ec\/manabi\/wp-content\/uploads\/2025\/06\/CNEL-EP-1.pdf\">CNEL EP<\/a><br \/>\n<a href=\"https:\/\/gadsixtoduranballen.gob.ec\/manabi\/wp-content\/uploads\/2025\/06\/puentes-1-1.pdf\">puentes<\/a><br \/>\n<a href=\"https:\/\/gadsixtoduranballen.gob.ec\/manabi\/wp-content\/uploads\/2025\/06\/solicitud-de-desembolso-4.pdf\">solicitud de desembolso<\/a><br \/>\n<a href=\"https:\/\/gadsixtoduranballen.gob.ec\/manabi\/wp-content\/uploads\/2025\/06\/tabla-de-amortizacion-1.pdf\">tabla de amortizacion<\/a><br \/>\n<a href=\"https:\/\/gadsixtoduranballen.gob.ec\/manabi\/wp-content\/uploads\/2025\/06\/vias-1-1.pdf\">v\u00edas<br \/>\n<\/a><\/p>\n<p>&nbsp;<\/p>\n<\/div><\/div>\n","protected":false},"excerpt":{"rendered":"<p>FASE 1 PLANIFICACION DEL PROCESO acta de confirmaci\u00f3n del equipo t\u00e9cnico Acuerdo y compromiso -1 ANEXO DE MESA TRABAJO ASISTENCIA consulta a la ciudadan\u00eda para levantar temas sobre los cuales rendir cuentas hoja de ruta MATRIZ DE MAPEO oficio enviado por el consejo de planificaci\u00f3n PDyOT &#8211; PDYOT-Sixto-Duran-Ballen-1 plan de trabajo POA 2024 presupuesto 2024 [&hellip;]<\/p>\n","protected":false},"author":4,"featured_media":0,"parent":0,"menu_order":0,"comment_status":"closed","ping_status":"closed","template":"","meta":{"ocean_post_layout":"","ocean_both_sidebars_style":"","ocean_both_sidebars_content_width":0,"ocean_both_sidebars_sidebars_width":0,"ocean_sidebar":"0","ocean_second_sidebar":"0","ocean_disable_margins":"enable","ocean_add_body_class":"","ocean_shortcode_before_top_bar":"","ocean_shortcode_after_top_bar":"","ocean_shortcode_before_header":"","ocean_shortcode_after_header":"","ocean_has_shortcode":"","ocean_shortcode_after_title":"","ocean_shortcode_before_footer_widgets":"","ocean_shortcode_after_footer_widgets":"","ocean_shortcode_before_footer_bottom":"","ocean_shortcode_after_footer_bottom":"","ocean_display_top_bar":"default","ocean_display_header":"default","ocean_header_style":"","ocean_center_header_left_menu":"0","ocean_custom_header_template":"0","ocean_custom_logo":0,"ocean_custom_retina_logo":0,"ocean_custom_logo_max_width":0,"ocean_custom_logo_tablet_max_width":0,"ocean_custom_logo_mobile_max_width":0,"ocean_custom_logo_max_height":0,"ocean_custom_logo_tablet_max_height":0,"ocean_custom_logo_mobile_max_height":0,"ocean_header_custom_menu":"0","ocean_menu_typo_font_family":"0","ocean_menu_typo_font_subset":"","ocean_menu_typo_font_size":0,"ocean_menu_typo_font_size_tablet":0,"ocean_menu_typo_font_size_mobile":0,"ocean_menu_typo_font_size_unit":"px","ocean_menu_typo_font_weight":"","ocean_menu_typo_font_weight_tablet":"","ocean_menu_typo_font_weight_mobile":"","ocean_menu_typo_transform":"","ocean_menu_typo_transform_tablet":"","ocean_menu_typo_transform_mobile":"","ocean_menu_typo_line_height":0,"ocean_menu_typo_line_height_tablet":0,"ocean_menu_typo_line_height_mobile":0,"ocean_menu_typo_line_height_unit":"","ocean_menu_typo_spacing":0,"ocean_menu_typo_spacing_tablet":0,"ocean_menu_typo_spacing_mobile":0,"ocean_menu_typo_spacing_unit":"","ocean_menu_link_color":"","ocean_menu_link_color_hover":"","ocean_menu_link_color_active":"","ocean_menu_link_background":"","ocean_menu_link_hover_background":"","ocean_menu_link_active_background":"","ocean_menu_social_links_bg":"","ocean_menu_social_hover_links_bg":"","ocean_menu_social_links_color":"","ocean_menu_social_hover_links_color":"","ocean_disable_title":"default","ocean_disable_heading":"default","ocean_post_title":"","ocean_post_subheading":"","ocean_post_title_style":"","ocean_post_title_background_color":"","ocean_post_title_background":0,"ocean_post_title_bg_image_position":"","ocean_post_title_bg_image_attachment":"","ocean_post_title_bg_image_repeat":"","ocean_post_title_bg_image_size":"","ocean_post_title_height":0,"ocean_post_title_bg_overlay":0.5,"ocean_post_title_bg_overlay_color":"","ocean_disable_breadcrumbs":"default","ocean_breadcrumbs_color":"","ocean_breadcrumbs_separator_color":"","ocean_breadcrumbs_links_color":"","ocean_breadcrumbs_links_hover_color":"","ocean_display_footer_widgets":"default","ocean_display_footer_bottom":"default","ocean_custom_footer_template":"0","footnotes":""},"class_list":["post-3244","page","type-page","status-publish","hentry","entry"],"_links":{"self":[{"href":"https:\/\/gadsixtoduranballen.gob.ec\/manabi\/wp-json\/wp\/v2\/pages\/3244","targetHints":{"allow":["GET"]}}],"collection":[{"href":"https:\/\/gadsixtoduranballen.gob.ec\/manabi\/wp-json\/wp\/v2\/pages"}],"about":[{"href":"https:\/\/gadsixtoduranballen.gob.ec\/manabi\/wp-json\/wp\/v2\/types\/page"}],"author":[{"embeddable":true,"href":"https:\/\/gadsixtoduranballen.gob.ec\/manabi\/wp-json\/wp\/v2\/users\/4"}],"replies":[{"embeddable":true,"href":"https:\/\/gadsixtoduranballen.gob.ec\/manabi\/wp-json\/wp\/v2\/comments?post=3244"}],"version-history":[{"count":5,"href":"https:\/\/gadsixtoduranballen.gob.ec\/manabi\/wp-json\/wp\/v2\/pages\/3244\/revisions"}],"predecessor-version":[{"id":4138,"href":"https:\/\/gadsixtoduranballen.gob.ec\/manabi\/wp-json\/wp\/v2\/pages\/3244\/revisions\/4138"}],"wp:attachment":[{"href":"https:\/\/gadsixtoduranballen.gob.ec\/manabi\/wp-json\/wp\/v2\/media?parent=3244"}],"curies":[{"name":"wp","href":"https:\/\/api.w.org\/{rel}","templated":true}]}}