{"id":2507,"date":"2022-01-10T10:17:16","date_gmt":"2022-01-10T14:17:16","guid":{"rendered":"https:\/\/gadsixtoduranballen.gob.ec\/manabi\/?page_id=2507"},"modified":"2022-06-13T14:53:20","modified_gmt":"2022-06-13T18:53:20","slug":"rendicion-de-cuentas-2022","status":"publish","type":"page","link":"https:\/\/gadsixtoduranballen.gob.ec\/manabi\/rendicion-de-cuentas-2022\/","title":{"rendered":"Rendici\u00f3n de Cuentas 2022"},"content":{"rendered":"<p><img loading=\"lazy\" decoding=\"async\" class=\"alignnone  wp-image-2638\" src=\"https:\/\/gadsixtoduranballen.gob.ec\/manabi\/wp-content\/uploads\/2022\/05\/REND-2021-550x403.png\" alt=\"\" width=\"550\" height=\"403\" srcset=\"https:\/\/gadsixtoduranballen.gob.ec\/manabi\/wp-content\/uploads\/2022\/05\/REND-2021-550x403.png 550w, https:\/\/gadsixtoduranballen.gob.ec\/manabi\/wp-content\/uploads\/2022\/05\/REND-2021-1024x751.png 1024w, https:\/\/gadsixtoduranballen.gob.ec\/manabi\/wp-content\/uploads\/2022\/05\/REND-2021-768x563.png 768w, https:\/\/gadsixtoduranballen.gob.ec\/manabi\/wp-content\/uploads\/2022\/05\/REND-2021.png 1057w\" sizes=\"auto, (max-width: 550px) 100vw, 550px\" \/><\/p>\n<p>CERTIFICADO DE PRESENTACI\u00d3N DE INFORME ANUAL CUMPLIMIENTO ART. 12 DE LA LOTAIP A\u00d1O 2021<\/p>\n<p><a href=\"https:\/\/gadsixtoduranballen.gob.ec\/manabi\/wp-content\/uploads\/2022\/04\/CERTIFICADO-DE-PRESENTACION-DE-INFORME-ANUAL.pdf\">CERTIFICADO DE PRESENTACI\u00d3N DE INFORME ANUAL<\/a><\/p>\n<p>HOJA DE RUTA<\/p>\n<p><a href=\"https:\/\/gadsixtoduranballen.gob.ec\/manabi\/wp-content\/uploads\/2022\/05\/HOJA-DE-RUTA.pdf\">HOJA DE RUTA<\/a><\/p>\n<p>ENTREGA DE TEMAS Y PREGUNTAS<\/p>\n<p><a href=\"https:\/\/gadsixtoduranballen.gob.ec\/manabi\/wp-content\/uploads\/2022\/05\/Preguntas-CP.pdf\">Preguntas CP<\/a><\/p>\n<p>OFICIO CONTESTACION DE PREGUNTAS<\/p>\n<p><a href=\"https:\/\/gadsixtoduranballen.gob.ec\/manabi\/wp-content\/uploads\/2022\/05\/respuesta-.pdf\">respuesta<\/a><\/p>\n<p>INFORME DE RENDICION DE CUENTAS<\/p>\n<p>ASISTENCIA AL EVENTO DE DELIBERACION PUBLICA<\/p>\n<p><a href=\"https:\/\/gadsixtoduranballen.gob.ec\/manabi\/wp-content\/uploads\/2022\/06\/ASISTENCIA-1.pdf\">ASISTENCIA<\/a><\/p>\n<p><a href=\"https:\/\/gadsixtoduranballen.gob.ec\/manabi\/wp-content\/uploads\/2022\/05\/RC-2021.pdf\">RC 2021<\/a><\/p>\n<p>INFORME RC CPCCS<\/p>\n<p><a href=\"https:\/\/gadsixtoduranballen.gob.ec\/manabi\/wp-content\/uploads\/2022\/05\/ReporteInformeGad.pdf\">ReporteInformeGad<\/a><\/p>\n<p><img loading=\"lazy\" decoding=\"async\" class=\"alignnone size-medium wp-image-2644\" src=\"https:\/\/gadsixtoduranballen.gob.ec\/manabi\/wp-content\/uploads\/2022\/05\/0c1a0b75-21da-4714-8e18-3d117a3f9cc2-550x413.jpg\" alt=\"\" width=\"550\" height=\"413\" srcset=\"https:\/\/gadsixtoduranballen.gob.ec\/manabi\/wp-content\/uploads\/2022\/05\/0c1a0b75-21da-4714-8e18-3d117a3f9cc2-550x413.jpg 550w, https:\/\/gadsixtoduranballen.gob.ec\/manabi\/wp-content\/uploads\/2022\/05\/0c1a0b75-21da-4714-8e18-3d117a3f9cc2-1024x768.jpg 1024w, https:\/\/gadsixtoduranballen.gob.ec\/manabi\/wp-content\/uploads\/2022\/05\/0c1a0b75-21da-4714-8e18-3d117a3f9cc2-768x576.jpg 768w, https:\/\/gadsixtoduranballen.gob.ec\/manabi\/wp-content\/uploads\/2022\/05\/0c1a0b75-21da-4714-8e18-3d117a3f9cc2-1536x1152.jpg 1536w, https:\/\/gadsixtoduranballen.gob.ec\/manabi\/wp-content\/uploads\/2022\/05\/0c1a0b75-21da-4714-8e18-3d117a3f9cc2.jpg 1600w\" sizes=\"auto, (max-width: 550px) 100vw, 550px\" \/> <img loading=\"lazy\" decoding=\"async\" class=\"size-medium wp-image-2645 alignright\" src=\"https:\/\/gadsixtoduranballen.gob.ec\/manabi\/wp-content\/uploads\/2022\/05\/53f04a98-e55c-44fd-81e6-67fbcac9bc8f-550x413.jpg\" alt=\"\" width=\"550\" height=\"413\" srcset=\"https:\/\/gadsixtoduranballen.gob.ec\/manabi\/wp-content\/uploads\/2022\/05\/53f04a98-e55c-44fd-81e6-67fbcac9bc8f-550x413.jpg 550w, https:\/\/gadsixtoduranballen.gob.ec\/manabi\/wp-content\/uploads\/2022\/05\/53f04a98-e55c-44fd-81e6-67fbcac9bc8f-1024x768.jpg 1024w, https:\/\/gadsixtoduranballen.gob.ec\/manabi\/wp-content\/uploads\/2022\/05\/53f04a98-e55c-44fd-81e6-67fbcac9bc8f-768x576.jpg 768w, https:\/\/gadsixtoduranballen.gob.ec\/manabi\/wp-content\/uploads\/2022\/05\/53f04a98-e55c-44fd-81e6-67fbcac9bc8f-1536x1153.jpg 1536w, https:\/\/gadsixtoduranballen.gob.ec\/manabi\/wp-content\/uploads\/2022\/05\/53f04a98-e55c-44fd-81e6-67fbcac9bc8f.jpg 1599w\" sizes=\"auto, (max-width: 550px) 100vw, 550px\" \/> <img loading=\"lazy\" decoding=\"async\" class=\"alignnone size-medium wp-image-2646\" src=\"https:\/\/gadsixtoduranballen.gob.ec\/manabi\/wp-content\/uploads\/2022\/05\/774bc03b-00bd-440f-9e0a-90bff28c5db1-550x413.jpg\" alt=\"\" width=\"550\" height=\"413\" srcset=\"https:\/\/gadsixtoduranballen.gob.ec\/manabi\/wp-content\/uploads\/2022\/05\/774bc03b-00bd-440f-9e0a-90bff28c5db1-550x413.jpg 550w, https:\/\/gadsixtoduranballen.gob.ec\/manabi\/wp-content\/uploads\/2022\/05\/774bc03b-00bd-440f-9e0a-90bff28c5db1-1024x768.jpg 1024w, https:\/\/gadsixtoduranballen.gob.ec\/manabi\/wp-content\/uploads\/2022\/05\/774bc03b-00bd-440f-9e0a-90bff28c5db1-768x576.jpg 768w, https:\/\/gadsixtoduranballen.gob.ec\/manabi\/wp-content\/uploads\/2022\/05\/774bc03b-00bd-440f-9e0a-90bff28c5db1-1536x1152.jpg 1536w, https:\/\/gadsixtoduranballen.gob.ec\/manabi\/wp-content\/uploads\/2022\/05\/774bc03b-00bd-440f-9e0a-90bff28c5db1.jpg 1600w\" sizes=\"auto, (max-width: 550px) 100vw, 550px\" \/> <img loading=\"lazy\" decoding=\"async\" class=\"size-medium wp-image-2647 alignright\" src=\"https:\/\/gadsixtoduranballen.gob.ec\/manabi\/wp-content\/uploads\/2022\/05\/acd019d7-4bff-40a6-a76e-2314f9655aae-550x413.jpg\" alt=\"\" width=\"550\" height=\"413\" srcset=\"https:\/\/gadsixtoduranballen.gob.ec\/manabi\/wp-content\/uploads\/2022\/05\/acd019d7-4bff-40a6-a76e-2314f9655aae-550x413.jpg 550w, https:\/\/gadsixtoduranballen.gob.ec\/manabi\/wp-content\/uploads\/2022\/05\/acd019d7-4bff-40a6-a76e-2314f9655aae-1024x768.jpg 1024w, https:\/\/gadsixtoduranballen.gob.ec\/manabi\/wp-content\/uploads\/2022\/05\/acd019d7-4bff-40a6-a76e-2314f9655aae-768x576.jpg 768w, https:\/\/gadsixtoduranballen.gob.ec\/manabi\/wp-content\/uploads\/2022\/05\/acd019d7-4bff-40a6-a76e-2314f9655aae-1536x1152.jpg 1536w, https:\/\/gadsixtoduranballen.gob.ec\/manabi\/wp-content\/uploads\/2022\/05\/acd019d7-4bff-40a6-a76e-2314f9655aae.jpg 1600w\" sizes=\"auto, (max-width: 550px) 100vw, 550px\" \/> <img loading=\"lazy\" decoding=\"async\" class=\"alignnone size-medium wp-image-2648\" src=\"https:\/\/gadsixtoduranballen.gob.ec\/manabi\/wp-content\/uploads\/2022\/05\/cf39fcbf-8392-497c-8d8c-bd1b65bb458e-550x413.jpg\" alt=\"\" width=\"550\" height=\"413\" srcset=\"https:\/\/gadsixtoduranballen.gob.ec\/manabi\/wp-content\/uploads\/2022\/05\/cf39fcbf-8392-497c-8d8c-bd1b65bb458e-550x413.jpg 550w, https:\/\/gadsixtoduranballen.gob.ec\/manabi\/wp-content\/uploads\/2022\/05\/cf39fcbf-8392-497c-8d8c-bd1b65bb458e-1024x768.jpg 1024w, https:\/\/gadsixtoduranballen.gob.ec\/manabi\/wp-content\/uploads\/2022\/05\/cf39fcbf-8392-497c-8d8c-bd1b65bb458e-768x576.jpg 768w, https:\/\/gadsixtoduranballen.gob.ec\/manabi\/wp-content\/uploads\/2022\/05\/cf39fcbf-8392-497c-8d8c-bd1b65bb458e-1536x1152.jpg 1536w, https:\/\/gadsixtoduranballen.gob.ec\/manabi\/wp-content\/uploads\/2022\/05\/cf39fcbf-8392-497c-8d8c-bd1b65bb458e.jpg 1600w\" sizes=\"auto, (max-width: 550px) 100vw, 550px\" \/><\/p>\n","protected":false},"excerpt":{"rendered":"<p>CERTIFICADO DE PRESENTACI\u00d3N DE INFORME ANUAL CUMPLIMIENTO ART. 12 DE LA LOTAIP A\u00d1O 2021 CERTIFICADO DE PRESENTACI\u00d3N DE INFORME ANUAL HOJA DE RUTA HOJA DE RUTA ENTREGA DE TEMAS Y PREGUNTAS Preguntas CP OFICIO CONTESTACION DE PREGUNTAS respuesta INFORME DE RENDICION DE CUENTAS ASISTENCIA AL EVENTO DE DELIBERACION PUBLICA ASISTENCIA RC 2021 INFORME RC CPCCS [&hellip;]<\/p>\n","protected":false},"author":4,"featured_media":0,"parent":0,"menu_order":0,"comment_status":"closed","ping_status":"closed","template":"","meta":{"ocean_post_layout":"","ocean_both_sidebars_style":"","ocean_both_sidebars_content_width":0,"ocean_both_sidebars_sidebars_width":0,"ocean_sidebar":"","ocean_second_sidebar":"","ocean_disable_margins":"enable","ocean_add_body_class":"","ocean_shortcode_before_top_bar":"","ocean_shortcode_after_top_bar":"","ocean_shortcode_before_header":"","ocean_shortcode_after_header":"","ocean_has_shortcode":"","ocean_shortcode_after_title":"","ocean_shortcode_before_footer_widgets":"","ocean_shortcode_after_footer_widgets":"","ocean_shortcode_before_footer_bottom":"","ocean_shortcode_after_footer_bottom":"","ocean_display_top_bar":"default","ocean_display_header":"default","ocean_header_style":"","ocean_center_header_left_menu":"","ocean_custom_header_template":"","ocean_custom_logo":0,"ocean_custom_retina_logo":0,"ocean_custom_logo_max_width":0,"ocean_custom_logo_tablet_max_width":0,"ocean_custom_logo_mobile_max_width":0,"ocean_custom_logo_max_height":0,"ocean_custom_logo_tablet_max_height":0,"ocean_custom_logo_mobile_max_height":0,"ocean_header_custom_menu":"","ocean_menu_typo_font_family":"","ocean_menu_typo_font_subset":"","ocean_menu_typo_font_size":0,"ocean_menu_typo_font_size_tablet":0,"ocean_menu_typo_font_size_mobile":0,"ocean_menu_typo_font_size_unit":"px","ocean_menu_typo_font_weight":"","ocean_menu_typo_font_weight_tablet":"","ocean_menu_typo_font_weight_mobile":"","ocean_menu_typo_transform":"","ocean_menu_typo_transform_tablet":"","ocean_menu_typo_transform_mobile":"","ocean_menu_typo_line_height":0,"ocean_menu_typo_line_height_tablet":0,"ocean_menu_typo_line_height_mobile":0,"ocean_menu_typo_line_height_unit":"","ocean_menu_typo_spacing":0,"ocean_menu_typo_spacing_tablet":0,"ocean_menu_typo_spacing_mobile":0,"ocean_menu_typo_spacing_unit":"","ocean_menu_link_color":"","ocean_menu_link_color_hover":"","ocean_menu_link_color_active":"","ocean_menu_link_background":"","ocean_menu_link_hover_background":"","ocean_menu_link_active_background":"","ocean_menu_social_links_bg":"","ocean_menu_social_hover_links_bg":"","ocean_menu_social_links_color":"","ocean_menu_social_hover_links_color":"","ocean_disable_title":"default","ocean_disable_heading":"default","ocean_post_title":"","ocean_post_subheading":"","ocean_post_title_style":"","ocean_post_title_background_color":"","ocean_post_title_background":0,"ocean_post_title_bg_image_position":"","ocean_post_title_bg_image_attachment":"","ocean_post_title_bg_image_repeat":"","ocean_post_title_bg_image_size":"","ocean_post_title_height":0,"ocean_post_title_bg_overlay":0.5,"ocean_post_title_bg_overlay_color":"","ocean_disable_breadcrumbs":"default","ocean_breadcrumbs_color":"","ocean_breadcrumbs_separator_color":"","ocean_breadcrumbs_links_color":"","ocean_breadcrumbs_links_hover_color":"","ocean_display_footer_widgets":"default","ocean_display_footer_bottom":"default","ocean_custom_footer_template":"","footnotes":""},"class_list":["post-2507","page","type-page","status-publish","hentry","entry"],"_links":{"self":[{"href":"https:\/\/gadsixtoduranballen.gob.ec\/manabi\/wp-json\/wp\/v2\/pages\/2507","targetHints":{"allow":["GET"]}}],"collection":[{"href":"https:\/\/gadsixtoduranballen.gob.ec\/manabi\/wp-json\/wp\/v2\/pages"}],"about":[{"href":"https:\/\/gadsixtoduranballen.gob.ec\/manabi\/wp-json\/wp\/v2\/types\/page"}],"author":[{"embeddable":true,"href":"https:\/\/gadsixtoduranballen.gob.ec\/manabi\/wp-json\/wp\/v2\/users\/4"}],"replies":[{"embeddable":true,"href":"https:\/\/gadsixtoduranballen.gob.ec\/manabi\/wp-json\/wp\/v2\/comments?post=2507"}],"version-history":[{"count":10,"href":"https:\/\/gadsixtoduranballen.gob.ec\/manabi\/wp-json\/wp\/v2\/pages\/2507\/revisions"}],"predecessor-version":[{"id":2664,"href":"https:\/\/gadsixtoduranballen.gob.ec\/manabi\/wp-json\/wp\/v2\/pages\/2507\/revisions\/2664"}],"wp:attachment":[{"href":"https:\/\/gadsixtoduranballen.gob.ec\/manabi\/wp-json\/wp\/v2\/media?parent=2507"}],"curies":[{"name":"wp","href":"https:\/\/api.w.org\/{rel}","templated":true}]}}